{"id":473,"date":"2022-10-17T13:12:15","date_gmt":"2022-10-17T11:12:15","guid":{"rendered":"https:\/\/ellacuria.ugr.es\/?page_id=473"},"modified":"2022-10-18T11:37:27","modified_gmt":"2022-10-18T09:37:27","slug":"elementor-473","status":"publish","type":"page","link":"https:\/\/ellacuria.ugr.es\/index.php\/elementor-473\/","title":{"rendered":"Instituciones de inter\u00e9s"},"content":{"rendered":"\t\t<div data-elementor-type=\"wp-page\" data-elementor-id=\"473\" class=\"elementor elementor-473\">\n\t\t\t\t\t\t<section class=\"elementor-section elementor-top-section elementor-element elementor-element-590266d elementor-section-stretched elementor-section-boxed elementor-section-height-default elementor-section-height-default\" data-id=\"590266d\" data-element_type=\"section\" data-settings=\"{&quot;stretch_section&quot;:&quot;section-stretched&quot;,&quot;background_background&quot;:&quot;classic&quot;}\">\n\t\t\t\t\t\t<div class=\"elementor-container elementor-column-gap-default\">\n\t\t\t\t\t<div class=\"elementor-column elementor-col-100 elementor-top-column elementor-element elementor-element-d932f5f\" data-id=\"d932f5f\" data-element_type=\"column\">\n\t\t\t<div class=\"elementor-widget-wrap elementor-element-populated\">\n\t\t\t\t\t\t<div class=\"elementor-element elementor-element-1cca85a elementor-widget elementor-widget-heading\" data-id=\"1cca85a\" data-element_type=\"widget\" data-widget_type=\"heading.default\">\n\t\t\t\t<div class=\"elementor-widget-container\">\n\t\t\t\t\t<h1 class=\"elementor-heading-title elementor-size-default\">Instituciones de inter\u00e9s<\/h1>\t\t\t\t<\/div>\n\t\t\t\t<\/div>\n\t\t\t\t\t<\/div>\n\t\t<\/div>\n\t\t\t\t\t<\/div>\n\t\t<\/section>\n\t\t\t\t<section class=\"elementor-section elementor-top-section elementor-element elementor-element-a379092 elementor-section-boxed elementor-section-height-default elementor-section-height-default\" data-id=\"a379092\" data-element_type=\"section\">\n\t\t\t\t\t\t<div class=\"elementor-container elementor-column-gap-default\">\n\t\t\t\t\t<div class=\"elementor-column elementor-col-100 elementor-top-column elementor-element elementor-element-cde9b91\" data-id=\"cde9b91\" data-element_type=\"column\">\n\t\t\t<div class=\"elementor-widget-wrap elementor-element-populated\">\n\t\t\t\t\t\t<div class=\"elementor-element elementor-element-f95a26a elementor-widget elementor-widget-text-editor\" data-id=\"f95a26a\" data-element_type=\"widget\" data-widget_type=\"text-editor.default\">\n\t\t\t\t<div class=\"elementor-widget-container\">\n\t\t\t\t\t\t\t\t\t<ul><li><a href=\"http:\/\/leibniz.es\/\" target=\"_blank\" rel=\"noopener\"><strong>C\u00e1tedra Iberoamericana de Investigaci\u00f3n en Filosof\u00eda G.W. Leibniz\u00a0<\/strong><\/a><span style=\"color: #000000;\">(Universidad de Granada)<\/span><\/li><li><strong><a href=\"https:\/\/www.fibicc.org\/\" target=\"_blank\" rel=\"noopener\">Fundaci\u00f3n Iberoamericana de las Industrias Culturales y Creativas<\/a><\/strong>\u00a0<span style=\"color: #000000;\">(Ciudad Real)<\/span><\/li><li><strong><a href=\"http:\/\/casamerica.es\/premio-ignacio-ellacuria\" target=\"_blank\" rel=\"noopener\">Casa Am\u00e9rica \u2013 Premio Ignacio Ellacur\u00eda<\/a><\/strong> <span style=\"color: #000000;\">(Madrid)<\/span><\/li><li><strong><a href=\"https:\/\/www.zubiri.net\/\" target=\"_blank\" rel=\"noopener\">Fundaci\u00f3n Xavier Zubiri<\/a><\/strong>\u00a0<span style=\"color: #000000;\">(Madrid)<\/span><\/li><li><strong><a href=\"https:\/\/www.auip.org\/es\/\" target=\"_blank\" rel=\"noopener\">AUIP- Premios Ignacio Ellacur\u00eda\u00a0<\/a><\/strong><\/li><li><strong><a href=\"http:\/\/portal.uc3m.es\/portal\/page\/portal\/investigacion\/nuestros_investigadores\/catedras\/catedra_ignacio_ellacuria\" target=\"_blank\" rel=\"noopener\">C\u00e1tedra Fundaci\u00f3n UCIII Teolog\u00eda y Ciencias de la Religi\u00f3n \u00abIgnacio Ellacur\u00eda\u00bb<\/a><\/strong><span style=\"color: #000000;\">\u00a0(Madrid)<\/span><\/li><li><strong><a href=\"http:\/\/www.foroellacuria.org\/\" target=\"_blank\" rel=\"noopener\">Foro Ignacio Ellacur\u00eda<\/a><\/strong>\u00a0<span style=\"color: #000000;\">(Murcia)<\/span><\/li><li><strong><a href=\"http:\/\/www.uca.edu.sv\/\" target=\"_blank\" rel=\"noopener\">Universidad Centroamericana de El Salvador\u00a0<\/a><\/strong><\/li><\/ul>\t\t\t\t\t\t\t\t<\/div>\n\t\t\t\t<\/div>\n\t\t\t\t\t<\/div>\n\t\t<\/div>\n\t\t\t\t\t<\/div>\n\t\t<\/section>\n\t\t\t\t<section class=\"elementor-section elementor-top-section elementor-element elementor-element-8a26e5e elementor-section-boxed elementor-section-height-default elementor-section-height-default\" data-id=\"8a26e5e\" data-element_type=\"section\">\n\t\t\t\t\t\t<div class=\"elementor-container elementor-column-gap-default\">\n\t\t\t\t\t<div class=\"elementor-column elementor-col-100 elementor-top-column elementor-element elementor-element-acd2ffb\" data-id=\"acd2ffb\" data-element_type=\"column\">\n\t\t\t<div class=\"elementor-widget-wrap elementor-element-populated\">\n\t\t\t\t\t\t<div class=\"elementor-element elementor-element-d85474a elementor-widget-divider--view-line elementor-widget elementor-widget-divider\" data-id=\"d85474a\" data-element_type=\"widget\" data-widget_type=\"divider.default\">\n\t\t\t\t<div class=\"elementor-widget-container\">\n\t\t\t\t\t\t\t<div class=\"elementor-divider\">\n\t\t\t<span class=\"elementor-divider-separator\">\n\t\t\t\t\t\t<\/span>\n\t\t<\/div>\n\t\t\t\t\t\t<\/div>\n\t\t\t\t<\/div>\n\t\t\t\t\t<\/div>\n\t\t<\/div>\n\t\t\t\t\t<\/div>\n\t\t<\/section>\n\t\t\t\t<\/div>\n\t\t","protected":false},"excerpt":{"rendered":"<p>Instituciones de inter\u00e9s C\u00e1tedra Iberoamericana de Investigaci\u00f3n en Filosof\u00eda G.W. Leibniz\u00a0(Universidad de Granada) Fundaci\u00f3n Iberoamericana de las Industrias Culturales y Creativas\u00a0(Ciudad Real) Casa Am\u00e9rica \u2013 Premio Ignacio Ellacur\u00eda (Madrid) Fundaci\u00f3n Xavier Zubiri\u00a0(Madrid) AUIP- Premios Ignacio Ellacur\u00eda\u00a0 C\u00e1tedra Fundaci\u00f3n UCIII Teolog\u00eda y Ciencias de la Religi\u00f3n \u00abIgnacio Ellacur\u00eda\u00bb\u00a0(Madrid) Foro Ignacio Ellacur\u00eda\u00a0(Murcia) Universidad Centroamericana de El Salvador\u00a0<\/p>\n","protected":false},"author":1,"featured_media":0,"parent":0,"menu_order":0,"comment_status":"closed","ping_status":"closed","template":"","meta":{"ocean_post_layout":"","ocean_both_sidebars_style":"","ocean_both_sidebars_content_width":0,"ocean_both_sidebars_sidebars_width":0,"ocean_sidebar":"0","ocean_second_sidebar":"0","ocean_disable_margins":"enable","ocean_add_body_class":"","ocean_shortcode_before_top_bar":"","ocean_shortcode_after_top_bar":"","ocean_shortcode_before_header":"","ocean_shortcode_after_header":"","ocean_has_shortcode":"","ocean_shortcode_after_title":"","ocean_shortcode_before_footer_widgets":"","ocean_shortcode_after_footer_widgets":"","ocean_shortcode_before_footer_bottom":"","ocean_shortcode_after_footer_bottom":"","ocean_display_top_bar":"default","ocean_display_header":"default","ocean_header_style":"","ocean_center_header_left_menu":"0","ocean_custom_header_template":"0","ocean_custom_logo":0,"ocean_custom_retina_logo":0,"ocean_custom_logo_max_width":0,"ocean_custom_logo_tablet_max_width":0,"ocean_custom_logo_mobile_max_width":0,"ocean_custom_logo_max_height":0,"ocean_custom_logo_tablet_max_height":0,"ocean_custom_logo_mobile_max_height":0,"ocean_header_custom_menu":"0","ocean_menu_typo_font_family":"0","ocean_menu_typo_font_subset":"","ocean_menu_typo_font_size":0,"ocean_menu_typo_font_size_tablet":0,"ocean_menu_typo_font_size_mobile":0,"ocean_menu_typo_font_size_unit":"px","ocean_menu_typo_font_weight":"","ocean_menu_typo_font_weight_tablet":"","ocean_menu_typo_font_weight_mobile":"","ocean_menu_typo_transform":"","ocean_menu_typo_transform_tablet":"","ocean_menu_typo_transform_mobile":"","ocean_menu_typo_line_height":0,"ocean_menu_typo_line_height_tablet":0,"ocean_menu_typo_line_height_mobile":0,"ocean_menu_typo_line_height_unit":"","ocean_menu_typo_spacing":0,"ocean_menu_typo_spacing_tablet":0,"ocean_menu_typo_spacing_mobile":0,"ocean_menu_typo_spacing_unit":"","ocean_menu_link_color":"","ocean_menu_link_color_hover":"","ocean_menu_link_color_active":"","ocean_menu_link_background":"","ocean_menu_link_hover_background":"","ocean_menu_link_active_background":"","ocean_menu_social_links_bg":"","ocean_menu_social_hover_links_bg":"","ocean_menu_social_links_color":"","ocean_menu_social_hover_links_color":"","ocean_disable_title":"default","ocean_disable_heading":"default","ocean_post_title":"","ocean_post_subheading":"","ocean_post_title_style":"","ocean_post_title_background_color":"","ocean_post_title_background":0,"ocean_post_title_bg_image_position":"","ocean_post_title_bg_image_attachment":"","ocean_post_title_bg_image_repeat":"","ocean_post_title_bg_image_size":"","ocean_post_title_height":0,"ocean_post_title_bg_overlay":0.5,"ocean_post_title_bg_overlay_color":"","ocean_disable_breadcrumbs":"default","ocean_breadcrumbs_color":"","ocean_breadcrumbs_separator_color":"","ocean_breadcrumbs_links_color":"","ocean_breadcrumbs_links_hover_color":"","ocean_display_footer_widgets":"default","ocean_display_footer_bottom":"default","ocean_custom_footer_template":"0","footnotes":""},"class_list":["post-473","page","type-page","status-publish","hentry","entry"],"yoast_head":"<!-- This site is optimized with the Yoast SEO plugin v26.7 - https:\/\/yoast.com\/wordpress\/plugins\/seo\/ -->\n<title>Instituciones de inter\u00e9s - Ellacur\u00eda: Obras completas<\/title>\n<meta name=\"robots\" content=\"index, follow, max-snippet:-1, max-image-preview:large, max-video-preview:-1\" \/>\n<link rel=\"canonical\" href=\"https:\/\/ellacuria.ugr.es\/index.php\/elementor-473\/\" \/>\n<meta property=\"og:locale\" content=\"es_ES\" \/>\n<meta property=\"og:type\" content=\"article\" \/>\n<meta property=\"og:title\" content=\"Instituciones de inter\u00e9s - Ellacur\u00eda: Obras completas\" \/>\n<meta property=\"og:description\" content=\"Instituciones de inter\u00e9s C\u00e1tedra Iberoamericana de Investigaci\u00f3n en Filosof\u00eda G.W. Leibniz\u00a0(Universidad de Granada) Fundaci\u00f3n Iberoamericana de las Industrias Culturales y Creativas\u00a0(Ciudad Real) Casa Am\u00e9rica \u2013 Premio Ignacio Ellacur\u00eda (Madrid) Fundaci\u00f3n Xavier Zubiri\u00a0(Madrid) AUIP- Premios Ignacio Ellacur\u00eda\u00a0 C\u00e1tedra Fundaci\u00f3n UCIII Teolog\u00eda y Ciencias de la Religi\u00f3n \u00abIgnacio Ellacur\u00eda\u00bb\u00a0(Madrid) Foro Ignacio Ellacur\u00eda\u00a0(Murcia) Universidad Centroamericana de El Salvador\u00a0\" \/>\n<meta property=\"og:url\" content=\"https:\/\/ellacuria.ugr.es\/index.php\/elementor-473\/\" \/>\n<meta property=\"og:site_name\" content=\"Ellacur\u00eda: Obras completas\" \/>\n<meta property=\"article:modified_time\" content=\"2022-10-18T09:37:27+00:00\" \/>\n<meta name=\"twitter:card\" content=\"summary_large_image\" \/>\n<meta name=\"twitter:label1\" content=\"Tiempo de lectura\" \/>\n\t<meta name=\"twitter:data1\" content=\"1 minuto\" \/>\n<script type=\"application\/ld+json\" class=\"yoast-schema-graph\">{\"@context\":\"https:\/\/schema.org\",\"@graph\":[{\"@type\":\"WebPage\",\"@id\":\"https:\/\/ellacuria.ugr.es\/index.php\/elementor-473\/\",\"url\":\"https:\/\/ellacuria.ugr.es\/index.php\/elementor-473\/\",\"name\":\"Instituciones de inter\u00e9s - Ellacur\u00eda: Obras completas\",\"isPartOf\":{\"@id\":\"https:\/\/ellacuria.ugr.es\/#website\"},\"datePublished\":\"2022-10-17T11:12:15+00:00\",\"dateModified\":\"2022-10-18T09:37:27+00:00\",\"breadcrumb\":{\"@id\":\"https:\/\/ellacuria.ugr.es\/index.php\/elementor-473\/#breadcrumb\"},\"inLanguage\":\"es\",\"potentialAction\":[{\"@type\":\"ReadAction\",\"target\":[\"https:\/\/ellacuria.ugr.es\/index.php\/elementor-473\/\"]}]},{\"@type\":\"BreadcrumbList\",\"@id\":\"https:\/\/ellacuria.ugr.es\/index.php\/elementor-473\/#breadcrumb\",\"itemListElement\":[{\"@type\":\"ListItem\",\"position\":1,\"name\":\"Portada\",\"item\":\"https:\/\/ellacuria.ugr.es\/\"},{\"@type\":\"ListItem\",\"position\":2,\"name\":\"Instituciones de inter\u00e9s\"}]},{\"@type\":\"WebSite\",\"@id\":\"https:\/\/ellacuria.ugr.es\/#website\",\"url\":\"https:\/\/ellacuria.ugr.es\/\",\"name\":\"Ellacur\u00eda: Obras completas\",\"description\":\"Proyecto Ellacur\u00eda - Edici\u00f3n obras completas - Universidad de Granada\",\"publisher\":{\"@id\":\"https:\/\/ellacuria.ugr.es\/#organization\"},\"potentialAction\":[{\"@type\":\"SearchAction\",\"target\":{\"@type\":\"EntryPoint\",\"urlTemplate\":\"https:\/\/ellacuria.ugr.es\/?s={search_term_string}\"},\"query-input\":{\"@type\":\"PropertyValueSpecification\",\"valueRequired\":true,\"valueName\":\"search_term_string\"}}],\"inLanguage\":\"es\"},{\"@type\":\"Organization\",\"@id\":\"https:\/\/ellacuria.ugr.es\/#organization\",\"name\":\"Ellacur\u00eda - Obras completas\",\"url\":\"https:\/\/ellacuria.ugr.es\/\",\"logo\":{\"@type\":\"ImageObject\",\"inLanguage\":\"es\",\"@id\":\"https:\/\/ellacuria.ugr.es\/#\/schema\/logo\/image\/\",\"url\":\"https:\/\/ellacuria.ugr.es\/wp-content\/uploads\/2022\/10\/Logo-Ellacuria-editado2.png\",\"contentUrl\":\"https:\/\/ellacuria.ugr.es\/wp-content\/uploads\/2022\/10\/Logo-Ellacuria-editado2.png\",\"width\":275,\"height\":268,\"caption\":\"Ellacur\u00eda - Obras completas\"},\"image\":{\"@id\":\"https:\/\/ellacuria.ugr.es\/#\/schema\/logo\/image\/\"}}]}<\/script>\n<!-- \/ Yoast SEO plugin. -->","yoast_head_json":{"title":"Instituciones de inter\u00e9s - Ellacur\u00eda: Obras completas","robots":{"index":"index","follow":"follow","max-snippet":"max-snippet:-1","max-image-preview":"max-image-preview:large","max-video-preview":"max-video-preview:-1"},"canonical":"https:\/\/ellacuria.ugr.es\/index.php\/elementor-473\/","og_locale":"es_ES","og_type":"article","og_title":"Instituciones de inter\u00e9s - Ellacur\u00eda: Obras completas","og_description":"Instituciones de inter\u00e9s C\u00e1tedra Iberoamericana de Investigaci\u00f3n en Filosof\u00eda G.W. Leibniz\u00a0(Universidad de Granada) Fundaci\u00f3n Iberoamericana de las Industrias Culturales y Creativas\u00a0(Ciudad Real) Casa Am\u00e9rica \u2013 Premio Ignacio Ellacur\u00eda (Madrid) Fundaci\u00f3n Xavier Zubiri\u00a0(Madrid) AUIP- Premios Ignacio Ellacur\u00eda\u00a0 C\u00e1tedra Fundaci\u00f3n UCIII Teolog\u00eda y Ciencias de la Religi\u00f3n \u00abIgnacio Ellacur\u00eda\u00bb\u00a0(Madrid) Foro Ignacio Ellacur\u00eda\u00a0(Murcia) Universidad Centroamericana de El Salvador\u00a0","og_url":"https:\/\/ellacuria.ugr.es\/index.php\/elementor-473\/","og_site_name":"Ellacur\u00eda: Obras completas","article_modified_time":"2022-10-18T09:37:27+00:00","twitter_card":"summary_large_image","twitter_misc":{"Tiempo de lectura":"1 minuto"},"schema":{"@context":"https:\/\/schema.org","@graph":[{"@type":"WebPage","@id":"https:\/\/ellacuria.ugr.es\/index.php\/elementor-473\/","url":"https:\/\/ellacuria.ugr.es\/index.php\/elementor-473\/","name":"Instituciones de inter\u00e9s - Ellacur\u00eda: Obras completas","isPartOf":{"@id":"https:\/\/ellacuria.ugr.es\/#website"},"datePublished":"2022-10-17T11:12:15+00:00","dateModified":"2022-10-18T09:37:27+00:00","breadcrumb":{"@id":"https:\/\/ellacuria.ugr.es\/index.php\/elementor-473\/#breadcrumb"},"inLanguage":"es","potentialAction":[{"@type":"ReadAction","target":["https:\/\/ellacuria.ugr.es\/index.php\/elementor-473\/"]}]},{"@type":"BreadcrumbList","@id":"https:\/\/ellacuria.ugr.es\/index.php\/elementor-473\/#breadcrumb","itemListElement":[{"@type":"ListItem","position":1,"name":"Portada","item":"https:\/\/ellacuria.ugr.es\/"},{"@type":"ListItem","position":2,"name":"Instituciones de inter\u00e9s"}]},{"@type":"WebSite","@id":"https:\/\/ellacuria.ugr.es\/#website","url":"https:\/\/ellacuria.ugr.es\/","name":"Ellacur\u00eda: Obras completas","description":"Proyecto Ellacur\u00eda - Edici\u00f3n obras completas - Universidad de Granada","publisher":{"@id":"https:\/\/ellacuria.ugr.es\/#organization"},"potentialAction":[{"@type":"SearchAction","target":{"@type":"EntryPoint","urlTemplate":"https:\/\/ellacuria.ugr.es\/?s={search_term_string}"},"query-input":{"@type":"PropertyValueSpecification","valueRequired":true,"valueName":"search_term_string"}}],"inLanguage":"es"},{"@type":"Organization","@id":"https:\/\/ellacuria.ugr.es\/#organization","name":"Ellacur\u00eda - Obras completas","url":"https:\/\/ellacuria.ugr.es\/","logo":{"@type":"ImageObject","inLanguage":"es","@id":"https:\/\/ellacuria.ugr.es\/#\/schema\/logo\/image\/","url":"https:\/\/ellacuria.ugr.es\/wp-content\/uploads\/2022\/10\/Logo-Ellacuria-editado2.png","contentUrl":"https:\/\/ellacuria.ugr.es\/wp-content\/uploads\/2022\/10\/Logo-Ellacuria-editado2.png","width":275,"height":268,"caption":"Ellacur\u00eda - Obras completas"},"image":{"@id":"https:\/\/ellacuria.ugr.es\/#\/schema\/logo\/image\/"}}]}},"jetpack_sharing_enabled":true,"jetpack_likes_enabled":true,"jetpack-related-posts":[{"id":14,"url":"https:\/\/ellacuria.ugr.es\/","url_meta":{"origin":473,"position":0},"title":"Inicio","author":"mecenazgo","date":"5 de octubre de 2022","format":false,"excerpt":"El Proyecto\u00a0Ellacur\u00eda: Obras completas\u00a0tiene como objetivo la recopilaci\u00f3n y publicaci\u00f3n de todos los escritos de Ignacio Ellacur\u00eda. Se recogen textos de filosof\u00eda, teolog\u00eda, pol\u00edtica y dem\u00e1s disciplinas a las que dedic\u00f3 su esfuerzo reflexivo.\u00a0 La Universidad de Granada a trav\u00e9s de la\u00a0\u00abC\u00e1tedra G.W. Leibniz de Filosof\u00eda\u00bb asume la tarea cient\u00edfica\u2026","rel":"","context":"Entrada similar","block_context":{"text":"Entrada similar","link":""},"img":{"alt_text":"","src":"https:\/\/i0.wp.com\/ellacuria.ugr.es\/wp-content\/uploads\/2022\/10\/Logo-Ellacuria-editado2.png?fit=275%2C268&ssl=1&resize=350%2C200","width":350,"height":200},"classes":[]},{"id":125,"url":"https:\/\/ellacuria.ugr.es\/index.php\/presentacion\/","url_meta":{"origin":473,"position":1},"title":"Presentaci\u00f3n","author":"mecenazgo","date":"5 de octubre de 2022","format":false,"excerpt":"Presentaci\u00f3n del proyecto Introducci\u00f3n El Proyecto\u00a0Ellacur\u00eda: Obras completas\u00a0tiene como objetivo la recopilaci\u00f3n y publicaci\u00f3n de todos los textos publicados por Ignacio Ellacur\u00eda (1930-1989) a lo largo de su vida. Se recogen escritos de filosof\u00eda, teolog\u00eda, pol\u00edtica y dem\u00e1s disciplinas a las que Ellacur\u00eda dedic\u00f3 su esfuerzo reflexivo. Esta iniciativa se\u2026","rel":"","context":"Entrada similar","block_context":{"text":"Entrada similar","link":""},"img":{"alt_text":"","src":"https:\/\/i0.wp.com\/ellacuria.ugr.es\/wp-content\/uploads\/2022\/10\/Ignacio_Ellacuria-216x300.jpg?resize=350%2C200&ssl=1","width":350,"height":200},"classes":[]},{"id":699,"url":"https:\/\/ellacuria.ugr.es\/index.php\/siglas-de\/","url_meta":{"origin":473,"position":2},"title":"Siglas de obras","author":"mecenazgo","date":"8 de noviembre de 2022","format":false,"excerpt":"Siglas de obras de Ellacur\u00eda Libros CIR \u2013 Ignacio Ellacur\u00eda,\u00a0Conversi\u00f3n de la iglesia al reino de Dios para anunciarlo y realizarlo en la historia, Sal Terrae, Santander, 1984. FRHU \u2013 Ignacio Ellacur\u00eda,\u00a0Filosof\u00eda de la realidad hist\u00f3rica,\u00a0UCA Editores, San Salvador, 1990. FRHT \u2013 Ignacio Ellacur\u00eda,\u00a0Filosof\u00eda de la realidad hist\u00f3rica,\u00a0Editorial Trotta, Madrid,\u2026","rel":"","context":"Entrada similar","block_context":{"text":"Entrada similar","link":""},"img":{"alt_text":"","src":"https:\/\/i0.wp.com\/ellacuria.ugr.es\/wp-content\/uploads\/2022\/10\/Texto-Ellacuria-mecanografiado.jpg?resize=350%2C200&ssl=1","width":350,"height":200},"classes":[]},{"id":151,"url":"https:\/\/ellacuria.ugr.es\/index.php\/plan-de-edicion\/","url_meta":{"origin":473,"position":3},"title":"Normas de edici\u00f3n","author":"mecenazgo","date":"5 de octubre de 2022","format":false,"excerpt":"Normas de edici\u00f3n Formato general La edici\u00f3n est\u00e1 prevista en 28\u00a0vol\u00famenes de 500 p\u00e1ginas aproximadamente. Editorial\u00a0Comares\u00a0ha asumido la publicaci\u00f3n de la edici\u00f3n completa.Estructura de cada volumen: Introducci\u00f3n, Textos Ellacur\u00eda, \u00cdndice de nombres, \u00cdndice de conceptos, \u00cdndice de siglas y abreviaturas.La introducci\u00f3n firmada por el editor responsable\u00a0ser\u00e1 de car\u00e1cter descriptivo y\u2026","rel":"","context":"Entrada similar","block_context":{"text":"Entrada similar","link":""},"img":{"alt_text":"","src":"https:\/\/i0.wp.com\/ellacuria.ugr.es\/wp-content\/uploads\/2022\/10\/DESCARGAR-NORMAS-DE-EDICION.png?resize=350%2C200&ssl=1","width":350,"height":200},"classes":[]},{"id":237,"url":"https:\/\/ellacuria.ugr.es\/index.php\/contacto\/","url_meta":{"origin":473,"position":4},"title":"Contacto","author":"mecenazgo","date":"6 de octubre de 2022","format":false,"excerpt":"Contacto Correo-e: Juan Antonio Nicol\u00e1s (Universidad de Granada, Espa\u00f1a): jnicolas@ugr.esAna Mar\u00eda Ram\u00edrez (Universidad de Granada, Espa\u00f1a): anaramirez@ugr.es\u00a0 Tel\u00e9fono +34 958 246 243 Direcci\u00f3n Departamento de Filosof\u00eda II (Edif. Psicolog\u00eda), Campus de Cartuja s\/n, Universidad de Granada, 18011, Granada (Espa\u00f1a)","rel":"","context":"Entrada similar","block_context":{"text":"Entrada similar","link":""},"img":{"alt_text":"","src":"https:\/\/i0.wp.com\/ellacuria.ugr.es\/wp-content\/uploads\/2022\/10\/Logo-Ellacuria-editado2.png?fit=275%2C268&ssl=1&resize=350%2C200","width":350,"height":200},"classes":[]},{"id":199,"url":"https:\/\/ellacuria.ugr.es\/index.php\/directorio\/","url_meta":{"origin":473,"position":5},"title":"Participantes","author":"mecenazgo","date":"6 de octubre de 2022","format":false,"excerpt":"Participantes Direcci\u00f3n del proyecto Juan Antonio Nicol\u00e1s (Universidad de Granada)\u00a0\u00a0\u00a0jnicolas@ugr.es\u00a0 Comit\u00e9 editorial Juan-Antonio Nicol\u00e1s (Universidad de Granada)Antonio Gonz\u00e1lez Fern\u00e1ndez (Fundaci\u00f3n X. Zubiri)Rodolfo Cardenal (Universidad Centroamericana, UCA)Jos\u00e9 Manuel Romero Cuevas (Universidad de Alcal\u00e1)Ra\u00fal Linares Peralta (Universidad de Granada)Ana Mar\u00eda Ram\u00edrez Abril (Universidad de Granada) Comit\u00e9 cient\u00edfico Rolando AlvaradoMarcela Brito de ButterRodolfo\u2026","rel":"","context":"Entrada similar","block_context":{"text":"Entrada similar","link":""},"img":{"alt_text":"","src":"https:\/\/i0.wp.com\/ellacuria.ugr.es\/wp-content\/uploads\/2022\/11\/60b645bc79a85e908e08f0f169fd8ecf.jpg?resize=350%2C200&ssl=1","width":350,"height":200},"classes":[]}],"_links":{"self":[{"href":"https:\/\/ellacuria.ugr.es\/index.php\/wp-json\/wp\/v2\/pages\/473","targetHints":{"allow":["GET"]}}],"collection":[{"href":"https:\/\/ellacuria.ugr.es\/index.php\/wp-json\/wp\/v2\/pages"}],"about":[{"href":"https:\/\/ellacuria.ugr.es\/index.php\/wp-json\/wp\/v2\/types\/page"}],"author":[{"embeddable":true,"href":"https:\/\/ellacuria.ugr.es\/index.php\/wp-json\/wp\/v2\/users\/1"}],"replies":[{"embeddable":true,"href":"https:\/\/ellacuria.ugr.es\/index.php\/wp-json\/wp\/v2\/comments?post=473"}],"version-history":[{"count":9,"href":"https:\/\/ellacuria.ugr.es\/index.php\/wp-json\/wp\/v2\/pages\/473\/revisions"}],"predecessor-version":[{"id":538,"href":"https:\/\/ellacuria.ugr.es\/index.php\/wp-json\/wp\/v2\/pages\/473\/revisions\/538"}],"wp:attachment":[{"href":"https:\/\/ellacuria.ugr.es\/index.php\/wp-json\/wp\/v2\/media?parent=473"}],"curies":[{"name":"wp","href":"https:\/\/api.w.org\/{rel}","templated":true}]}}