{"id":14,"date":"2022-10-05T12:34:13","date_gmt":"2022-10-05T10:34:13","guid":{"rendered":"https:\/\/ellacuria.ugr.es\/?page_id=14"},"modified":"2024-09-02T09:50:14","modified_gmt":"2024-09-02T07:50:14","slug":"inicio","status":"publish","type":"page","link":"https:\/\/ellacuria.ugr.es\/","title":{"rendered":"Inicio"},"content":{"rendered":"\t\t<div data-elementor-type=\"wp-page\" data-elementor-id=\"14\" class=\"elementor elementor-14\">\n\t\t\t\t\t\t<section class=\"elementor-section elementor-top-section elementor-element elementor-element-32633e4 elementor-section-stretched elementor-section-boxed elementor-section-height-default elementor-section-height-default\" data-id=\"32633e4\" data-element_type=\"section\" data-settings=\"{&quot;stretch_section&quot;:&quot;section-stretched&quot;,&quot;background_background&quot;:&quot;classic&quot;}\">\n\t\t\t\t\t\t\t<div class=\"elementor-background-overlay\"><\/div>\n\t\t\t\t\t\t\t<div class=\"elementor-container elementor-column-gap-default\">\n\t\t\t\t\t<div class=\"elementor-column elementor-col-50 elementor-top-column elementor-element elementor-element-3dadad3\" data-id=\"3dadad3\" data-element_type=\"column\">\n\t\t\t<div class=\"elementor-widget-wrap elementor-element-populated\">\n\t\t\t\t\t\t<div class=\"elementor-element elementor-element-5c00a80 elementor-widget elementor-widget-text-editor\" data-id=\"5c00a80\" data-element_type=\"widget\" data-widget_type=\"text-editor.default\">\n\t\t\t\t<div class=\"elementor-widget-container\">\n\t\t\t\t\t\t\t\t\t<p style=\"text-align: left;\"><span style=\"color: #000000;\">El Proyecto<em>&nbsp;<strong>Ellacur\u00eda: Obras completas<\/strong>&nbsp;<\/em>tiene como objetivo la <strong>recopilaci\u00f3n y publicaci\u00f3n de todos los escritos de Ignacio Ellacur\u00eda<\/strong>. Se recogen textos de filosof\u00eda, teolog\u00eda, pol\u00edtica y dem\u00e1s disciplinas a las que dedic\u00f3 su esfuerzo reflexivo.&nbsp;<\/span><\/p>\n<p><span style=\"color: #000000;\">La <a href=\"https:\/\/www.ugr.es\/\" target=\"_blank\" rel=\"noopener\"><strong>Universidad de Granada <\/strong><\/a>a trav\u00e9s de <\/span><span style=\"color: #000000;\">la&nbsp;<\/span><strong style=\"color: #000000;\"><a href=\"http:\/\/leibniz.es\/\" target=\"_blank\" rel=\"noopener\">\u00abC\u00e1tedra G.W. Leibniz de Filosof\u00eda\u00bb<\/a><\/strong> <span style=\"color: #000000;\">asume la tarea cient\u00edfica de edici\u00f3n cr\u00edtica de los textos.&nbsp;<\/span><\/p>\n<p><span style=\"color: #000000;\">La <a href=\"https:\/\/www.facebook.com\/fundacionmonsenorromero\/\" target=\"_blank\" rel=\"noopener\"><strong>Fundaci\u00f3n Monse\u00f1or Romero<\/strong><\/a><\/span><span style=\"color: #000000;\">&nbsp;(El Salvador) ha contribuido al proyecto cediendo los derechos de autor. <\/span><\/p>\n<p><strong style=\"color: #000000;\">Editorial Comares&nbsp;<\/strong><span style=\"color: #000000;\">asume el reto de la publicaci\u00f3n.<\/span><\/p>\t\t\t\t\t\t\t\t<\/div>\n\t\t\t\t<\/div>\n\t\t\t\t\t<\/div>\n\t\t<\/div>\n\t\t\t\t<div class=\"elementor-column elementor-col-50 elementor-top-column elementor-element elementor-element-53dc9bd\" data-id=\"53dc9bd\" data-element_type=\"column\">\n\t\t\t<div class=\"elementor-widget-wrap\">\n\t\t\t\t\t\t\t<\/div>\n\t\t<\/div>\n\t\t\t\t\t<\/div>\n\t\t<\/section>\n\t\t\t\t<section class=\"elementor-section elementor-top-section elementor-element elementor-element-c23017b elementor-section-stretched elementor-section-boxed elementor-section-height-default elementor-section-height-default\" data-id=\"c23017b\" data-element_type=\"section\" data-settings=\"{&quot;stretch_section&quot;:&quot;section-stretched&quot;}\">\n\t\t\t\t\t\t<div class=\"elementor-container elementor-column-gap-default\">\n\t\t\t\t\t<div class=\"elementor-column elementor-col-20 elementor-top-column elementor-element elementor-element-66ab655\" data-id=\"66ab655\" data-element_type=\"column\">\n\t\t\t<div class=\"elementor-widget-wrap elementor-element-populated\">\n\t\t\t\t\t\t<div class=\"elementor-element elementor-element-322151e elementor-widget elementor-widget-image\" data-id=\"322151e\" data-element_type=\"widget\" data-widget_type=\"image.default\">\n\t\t\t\t<div class=\"elementor-widget-container\">\n\t\t\t\t\t\t\t\t\t\t\t\t\t\t\t\t<a href=\"https:\/\/www.ugr.es\/\" target=\"_blank\">\n\t\t\t\t\t\t\t<img decoding=\"async\" src=\"https:\/\/i0.wp.com\/ellacuria.ugr.es\/wp-content\/uploads\/2022\/10\/logo-UGR-color-vertical-PEQUENO.jpg?fit=110%2C110&#038;ssl=1\" title=\"logo-UGR-color-vertical-PEQUE\u00d1O\" alt=\"logo-UGR-color-vertical-PEQUE\u00d1O\" loading=\"lazy\" \/>\t\t\t\t\t\t\t\t<\/a>\n\t\t\t\t\t\t\t\t\t\t\t\t\t\t\t<\/div>\n\t\t\t\t<\/div>\n\t\t\t\t\t<\/div>\n\t\t<\/div>\n\t\t\t\t<div class=\"elementor-column elementor-col-20 elementor-top-column elementor-element elementor-element-3bfe009\" data-id=\"3bfe009\" data-element_type=\"column\">\n\t\t\t<div class=\"elementor-widget-wrap elementor-element-populated\">\n\t\t\t\t\t\t<div class=\"elementor-element elementor-element-f147517 elementor-widget elementor-widget-image\" data-id=\"f147517\" data-element_type=\"widget\" data-widget_type=\"image.default\">\n\t\t\t\t<div class=\"elementor-widget-container\">\n\t\t\t\t\t\t\t\t\t\t\t\t\t\t\t\t<a href=\"https:\/\/uca.edu.sv\/\" target=\"_blank\">\n\t\t\t\t\t\t\t<img decoding=\"async\" src=\"https:\/\/i0.wp.com\/ellacuria.ugr.es\/wp-content\/uploads\/2022\/10\/logo-uca-pequeno.jpg?fit=175%2C135&#038;ssl=1\" title=\"logo uca peque\u00f1o\" alt=\"logo uca peque\u00f1o\" loading=\"lazy\" \/>\t\t\t\t\t\t\t\t<\/a>\n\t\t\t\t\t\t\t\t\t\t\t\t\t\t\t<\/div>\n\t\t\t\t<\/div>\n\t\t\t\t\t<\/div>\n\t\t<\/div>\n\t\t\t\t<div class=\"elementor-column elementor-col-20 elementor-top-column elementor-element elementor-element-c58fcc7\" data-id=\"c58fcc7\" data-element_type=\"column\">\n\t\t\t<div class=\"elementor-widget-wrap elementor-element-populated\">\n\t\t\t\t\t\t<div class=\"elementor-element elementor-element-ecc58f7 elementor-widget elementor-widget-image\" data-id=\"ecc58f7\" data-element_type=\"widget\" data-widget_type=\"image.default\">\n\t\t\t\t<div class=\"elementor-widget-container\">\n\t\t\t\t\t\t\t\t\t\t\t\t\t\t\t\t<a href=\"http:\/\/leibniz.es\/\" target=\"_blank\">\n\t\t\t\t\t\t\t<img decoding=\"async\" src=\"https:\/\/i0.wp.com\/ellacuria.ugr.es\/wp-content\/uploads\/2022\/10\/logo-leibniz-pequeno.jpg?fit=105%2C105&#038;ssl=1\" title=\"logo leibniz peque\u00f1o\" alt=\"logo leibniz peque\u00f1o\" loading=\"lazy\" \/>\t\t\t\t\t\t\t\t<\/a>\n\t\t\t\t\t\t\t\t\t\t\t\t\t\t\t<\/div>\n\t\t\t\t<\/div>\n\t\t\t\t\t<\/div>\n\t\t<\/div>\n\t\t\t\t<div class=\"elementor-column elementor-col-20 elementor-top-column elementor-element elementor-element-ed41a25\" data-id=\"ed41a25\" data-element_type=\"column\">\n\t\t\t<div class=\"elementor-widget-wrap elementor-element-populated\">\n\t\t\t\t\t\t<div class=\"elementor-element elementor-element-073a14f elementor-widget elementor-widget-heading\" data-id=\"073a14f\" data-element_type=\"widget\" data-widget_type=\"heading.default\">\n\t\t\t\t<div class=\"elementor-widget-container\">\n\t\t\t\t\t<h4 class=\"elementor-heading-title elementor-size-default\"><a href=\"https:\/\/www.facebook.com\/fundacionmonsenorromero\/\" target=\"_blank\">Fundaci\u00f3n\nMonse\u00f1or Romero<\/a><\/h4>\t\t\t\t<\/div>\n\t\t\t\t<\/div>\n\t\t\t\t\t<\/div>\n\t\t<\/div>\n\t\t\t\t<div class=\"elementor-column elementor-col-20 elementor-top-column elementor-element elementor-element-fe957eb\" data-id=\"fe957eb\" data-element_type=\"column\">\n\t\t\t<div class=\"elementor-widget-wrap\">\n\t\t\t\t\t\t\t<\/div>\n\t\t<\/div>\n\t\t\t\t\t<\/div>\n\t\t<\/section>\n\t\t\t\t<\/div>\n\t\t","protected":false},"excerpt":{"rendered":"<p>El Proyecto&nbsp;Ellacur\u00eda: Obras completas&nbsp;tiene como objetivo la recopilaci\u00f3n y publicaci\u00f3n de todos los escritos de Ignacio Ellacur\u00eda. Se recogen textos de filosof\u00eda, teolog\u00eda, pol\u00edtica y dem\u00e1s disciplinas a las que dedic\u00f3 su esfuerzo reflexivo.&nbsp; La Universidad de Granada a trav\u00e9s de la&nbsp;\u00abC\u00e1tedra G.W. Leibniz de Filosof\u00eda\u00bb asume la tarea cient\u00edfica de edici\u00f3n cr\u00edtica de los [&hellip;]<\/p>\n","protected":false},"author":1,"featured_media":8,"parent":0,"menu_order":0,"comment_status":"closed","ping_status":"closed","template":"","meta":{"ocean_post_layout":"","ocean_both_sidebars_style":"","ocean_both_sidebars_content_width":0,"ocean_both_sidebars_sidebars_width":0,"ocean_sidebar":"","ocean_second_sidebar":"","ocean_disable_margins":"enable","ocean_add_body_class":"","ocean_shortcode_before_top_bar":"","ocean_shortcode_after_top_bar":"","ocean_shortcode_before_header":"","ocean_shortcode_after_header":"","ocean_has_shortcode":"","ocean_shortcode_after_title":"","ocean_shortcode_before_footer_widgets":"","ocean_shortcode_after_footer_widgets":"","ocean_shortcode_before_footer_bottom":"","ocean_shortcode_after_footer_bottom":"","ocean_display_top_bar":"default","ocean_display_header":"default","ocean_header_style":"","ocean_center_header_left_menu":"","ocean_custom_header_template":"","ocean_custom_logo":0,"ocean_custom_retina_logo":0,"ocean_custom_logo_max_width":0,"ocean_custom_logo_tablet_max_width":0,"ocean_custom_logo_mobile_max_width":0,"ocean_custom_logo_max_height":0,"ocean_custom_logo_tablet_max_height":0,"ocean_custom_logo_mobile_max_height":0,"ocean_header_custom_menu":"","ocean_menu_typo_font_family":"","ocean_menu_typo_font_subset":"","ocean_menu_typo_font_size":0,"ocean_menu_typo_font_size_tablet":0,"ocean_menu_typo_font_size_mobile":0,"ocean_menu_typo_font_size_unit":"px","ocean_menu_typo_font_weight":"","ocean_menu_typo_font_weight_tablet":"","ocean_menu_typo_font_weight_mobile":"","ocean_menu_typo_transform":"","ocean_menu_typo_transform_tablet":"","ocean_menu_typo_transform_mobile":"","ocean_menu_typo_line_height":0,"ocean_menu_typo_line_height_tablet":0,"ocean_menu_typo_line_height_mobile":0,"ocean_menu_typo_line_height_unit":"","ocean_menu_typo_spacing":0,"ocean_menu_typo_spacing_tablet":0,"ocean_menu_typo_spacing_mobile":0,"ocean_menu_typo_spacing_unit":"","ocean_menu_link_color":"","ocean_menu_link_color_hover":"","ocean_menu_link_color_active":"","ocean_menu_link_background":"","ocean_menu_link_hover_background":"","ocean_menu_link_active_background":"","ocean_menu_social_links_bg":"","ocean_menu_social_hover_links_bg":"","ocean_menu_social_links_color":"","ocean_menu_social_hover_links_color":"","ocean_disable_title":"default","ocean_disable_heading":"default","ocean_post_title":"","ocean_post_subheading":"","ocean_post_title_style":"","ocean_post_title_background_color":"","ocean_post_title_background":0,"ocean_post_title_bg_image_position":"","ocean_post_title_bg_image_attachment":"","ocean_post_title_bg_image_repeat":"","ocean_post_title_bg_image_size":"","ocean_post_title_height":0,"ocean_post_title_bg_overlay":0.5,"ocean_post_title_bg_overlay_color":"","ocean_disable_breadcrumbs":"default","ocean_breadcrumbs_color":"","ocean_breadcrumbs_separator_color":"","ocean_breadcrumbs_links_color":"","ocean_breadcrumbs_links_hover_color":"","ocean_display_footer_widgets":"default","ocean_display_footer_bottom":"default","ocean_custom_footer_template":"","footnotes":""},"class_list":["post-14","page","type-page","status-publish","has-post-thumbnail","hentry","entry","has-media"],"yoast_head":"<!-- This site is optimized with the Yoast SEO plugin v26.7 - https:\/\/yoast.com\/wordpress\/plugins\/seo\/ -->\n<title>Ignacio Ellacur\u00eda: Obra completa<\/title>\n<meta name=\"description\" content=\"La Universidad de Granada y la Editorial Comares editan todos los textos completos publicados por Ignacio Ellacur\u00eda\" \/>\n<meta name=\"robots\" content=\"index, follow, max-snippet:-1, max-image-preview:large, max-video-preview:-1\" \/>\n<link rel=\"canonical\" href=\"https:\/\/ellacuria.ugr.es\/\" \/>\n<meta property=\"og:locale\" content=\"es_ES\" \/>\n<meta property=\"og:type\" content=\"article\" \/>\n<meta property=\"og:title\" content=\"Ignacio Ellacur\u00eda: Obra completa\" \/>\n<meta property=\"og:description\" content=\"La Universidad de Granada y la Editorial Comares editan todos los textos completos publicados por Ignacio Ellacur\u00eda\" \/>\n<meta property=\"og:url\" content=\"https:\/\/ellacuria.ugr.es\/\" \/>\n<meta property=\"og:site_name\" content=\"Ellacur\u00eda: Obras completas\" \/>\n<meta property=\"article:modified_time\" content=\"2024-09-02T07:50:14+00:00\" \/>\n<meta property=\"og:image\" content=\"https:\/\/ellacuria.ugr.es\/wp-content\/uploads\/2022\/10\/Logo-Ellacuria-editado2.png\" \/>\n\t<meta property=\"og:image:width\" content=\"275\" \/>\n\t<meta property=\"og:image:height\" content=\"268\" \/>\n\t<meta property=\"og:image:type\" content=\"image\/png\" \/>\n<meta name=\"twitter:card\" content=\"summary_large_image\" \/>\n<meta name=\"twitter:label1\" content=\"Tiempo de lectura\" \/>\n\t<meta name=\"twitter:data1\" content=\"1 minuto\" \/>\n<script type=\"application\/ld+json\" class=\"yoast-schema-graph\">{\"@context\":\"https:\/\/schema.org\",\"@graph\":[{\"@type\":\"WebPage\",\"@id\":\"https:\/\/ellacuria.ugr.es\/\",\"url\":\"https:\/\/ellacuria.ugr.es\/\",\"name\":\"Ignacio Ellacur\u00eda: Obra completa\",\"isPartOf\":{\"@id\":\"https:\/\/ellacuria.ugr.es\/#website\"},\"primaryImageOfPage\":{\"@id\":\"https:\/\/ellacuria.ugr.es\/#primaryimage\"},\"image\":{\"@id\":\"https:\/\/ellacuria.ugr.es\/#primaryimage\"},\"thumbnailUrl\":\"https:\/\/i0.wp.com\/ellacuria.ugr.es\/wp-content\/uploads\/2022\/10\/Logo-Ellacuria-editado2.png?fit=275%2C268&ssl=1\",\"datePublished\":\"2022-10-05T10:34:13+00:00\",\"dateModified\":\"2024-09-02T07:50:14+00:00\",\"description\":\"La Universidad de Granada y la Editorial Comares editan todos los textos completos publicados por Ignacio Ellacur\u00eda\",\"breadcrumb\":{\"@id\":\"https:\/\/ellacuria.ugr.es\/#breadcrumb\"},\"inLanguage\":\"es\",\"potentialAction\":[{\"@type\":\"ReadAction\",\"target\":[\"https:\/\/ellacuria.ugr.es\/\"]}]},{\"@type\":\"ImageObject\",\"inLanguage\":\"es\",\"@id\":\"https:\/\/ellacuria.ugr.es\/#primaryimage\",\"url\":\"https:\/\/i0.wp.com\/ellacuria.ugr.es\/wp-content\/uploads\/2022\/10\/Logo-Ellacuria-editado2.png?fit=275%2C268&ssl=1\",\"contentUrl\":\"https:\/\/i0.wp.com\/ellacuria.ugr.es\/wp-content\/uploads\/2022\/10\/Logo-Ellacuria-editado2.png?fit=275%2C268&ssl=1\",\"width\":275,\"height\":268},{\"@type\":\"BreadcrumbList\",\"@id\":\"https:\/\/ellacuria.ugr.es\/#breadcrumb\",\"itemListElement\":[{\"@type\":\"ListItem\",\"position\":1,\"name\":\"Portada\",\"item\":\"https:\/\/ellacuria.ugr.es\/\"},{\"@type\":\"ListItem\",\"position\":2,\"name\":\"Inicio\"}]},{\"@type\":\"WebSite\",\"@id\":\"https:\/\/ellacuria.ugr.es\/#website\",\"url\":\"https:\/\/ellacuria.ugr.es\/\",\"name\":\"Ellacur\u00eda: Obras completas\",\"description\":\"Proyecto Ellacur\u00eda - Edici\u00f3n obras completas - Universidad de Granada\",\"publisher\":{\"@id\":\"https:\/\/ellacuria.ugr.es\/#organization\"},\"potentialAction\":[{\"@type\":\"SearchAction\",\"target\":{\"@type\":\"EntryPoint\",\"urlTemplate\":\"https:\/\/ellacuria.ugr.es\/?s={search_term_string}\"},\"query-input\":{\"@type\":\"PropertyValueSpecification\",\"valueRequired\":true,\"valueName\":\"search_term_string\"}}],\"inLanguage\":\"es\"},{\"@type\":\"Organization\",\"@id\":\"https:\/\/ellacuria.ugr.es\/#organization\",\"name\":\"Ellacur\u00eda - Obras completas\",\"url\":\"https:\/\/ellacuria.ugr.es\/\",\"logo\":{\"@type\":\"ImageObject\",\"inLanguage\":\"es\",\"@id\":\"https:\/\/ellacuria.ugr.es\/#\/schema\/logo\/image\/\",\"url\":\"https:\/\/ellacuria.ugr.es\/wp-content\/uploads\/2022\/10\/Logo-Ellacuria-editado2.png\",\"contentUrl\":\"https:\/\/ellacuria.ugr.es\/wp-content\/uploads\/2022\/10\/Logo-Ellacuria-editado2.png\",\"width\":275,\"height\":268,\"caption\":\"Ellacur\u00eda - Obras completas\"},\"image\":{\"@id\":\"https:\/\/ellacuria.ugr.es\/#\/schema\/logo\/image\/\"}}]}<\/script>\n<!-- \/ Yoast SEO plugin. -->","yoast_head_json":{"title":"Ignacio Ellacur\u00eda: Obra completa","description":"La Universidad de Granada y la Editorial Comares editan todos los textos completos publicados por Ignacio Ellacur\u00eda","robots":{"index":"index","follow":"follow","max-snippet":"max-snippet:-1","max-image-preview":"max-image-preview:large","max-video-preview":"max-video-preview:-1"},"canonical":"https:\/\/ellacuria.ugr.es\/","og_locale":"es_ES","og_type":"article","og_title":"Ignacio Ellacur\u00eda: Obra completa","og_description":"La Universidad de Granada y la Editorial Comares editan todos los textos completos publicados por Ignacio Ellacur\u00eda","og_url":"https:\/\/ellacuria.ugr.es\/","og_site_name":"Ellacur\u00eda: Obras completas","article_modified_time":"2024-09-02T07:50:14+00:00","og_image":[{"width":275,"height":268,"url":"https:\/\/ellacuria.ugr.es\/wp-content\/uploads\/2022\/10\/Logo-Ellacuria-editado2.png","type":"image\/png"}],"twitter_card":"summary_large_image","twitter_misc":{"Tiempo de lectura":"1 minuto"},"schema":{"@context":"https:\/\/schema.org","@graph":[{"@type":"WebPage","@id":"https:\/\/ellacuria.ugr.es\/","url":"https:\/\/ellacuria.ugr.es\/","name":"Ignacio Ellacur\u00eda: Obra completa","isPartOf":{"@id":"https:\/\/ellacuria.ugr.es\/#website"},"primaryImageOfPage":{"@id":"https:\/\/ellacuria.ugr.es\/#primaryimage"},"image":{"@id":"https:\/\/ellacuria.ugr.es\/#primaryimage"},"thumbnailUrl":"https:\/\/i0.wp.com\/ellacuria.ugr.es\/wp-content\/uploads\/2022\/10\/Logo-Ellacuria-editado2.png?fit=275%2C268&ssl=1","datePublished":"2022-10-05T10:34:13+00:00","dateModified":"2024-09-02T07:50:14+00:00","description":"La Universidad de Granada y la Editorial Comares editan todos los textos completos publicados por Ignacio Ellacur\u00eda","breadcrumb":{"@id":"https:\/\/ellacuria.ugr.es\/#breadcrumb"},"inLanguage":"es","potentialAction":[{"@type":"ReadAction","target":["https:\/\/ellacuria.ugr.es\/"]}]},{"@type":"ImageObject","inLanguage":"es","@id":"https:\/\/ellacuria.ugr.es\/#primaryimage","url":"https:\/\/i0.wp.com\/ellacuria.ugr.es\/wp-content\/uploads\/2022\/10\/Logo-Ellacuria-editado2.png?fit=275%2C268&ssl=1","contentUrl":"https:\/\/i0.wp.com\/ellacuria.ugr.es\/wp-content\/uploads\/2022\/10\/Logo-Ellacuria-editado2.png?fit=275%2C268&ssl=1","width":275,"height":268},{"@type":"BreadcrumbList","@id":"https:\/\/ellacuria.ugr.es\/#breadcrumb","itemListElement":[{"@type":"ListItem","position":1,"name":"Portada","item":"https:\/\/ellacuria.ugr.es\/"},{"@type":"ListItem","position":2,"name":"Inicio"}]},{"@type":"WebSite","@id":"https:\/\/ellacuria.ugr.es\/#website","url":"https:\/\/ellacuria.ugr.es\/","name":"Ellacur\u00eda: Obras completas","description":"Proyecto Ellacur\u00eda - Edici\u00f3n obras completas - Universidad de Granada","publisher":{"@id":"https:\/\/ellacuria.ugr.es\/#organization"},"potentialAction":[{"@type":"SearchAction","target":{"@type":"EntryPoint","urlTemplate":"https:\/\/ellacuria.ugr.es\/?s={search_term_string}"},"query-input":{"@type":"PropertyValueSpecification","valueRequired":true,"valueName":"search_term_string"}}],"inLanguage":"es"},{"@type":"Organization","@id":"https:\/\/ellacuria.ugr.es\/#organization","name":"Ellacur\u00eda - Obras completas","url":"https:\/\/ellacuria.ugr.es\/","logo":{"@type":"ImageObject","inLanguage":"es","@id":"https:\/\/ellacuria.ugr.es\/#\/schema\/logo\/image\/","url":"https:\/\/ellacuria.ugr.es\/wp-content\/uploads\/2022\/10\/Logo-Ellacuria-editado2.png","contentUrl":"https:\/\/ellacuria.ugr.es\/wp-content\/uploads\/2022\/10\/Logo-Ellacuria-editado2.png","width":275,"height":268,"caption":"Ellacur\u00eda - Obras completas"},"image":{"@id":"https:\/\/ellacuria.ugr.es\/#\/schema\/logo\/image\/"}}]}},"jetpack_sharing_enabled":true,"jetpack_likes_enabled":true,"jetpack-related-posts":[{"id":125,"url":"https:\/\/ellacuria.ugr.es\/index.php\/presentacion\/","url_meta":{"origin":14,"position":0},"title":"Presentaci\u00f3n","author":"mecenazgo","date":"5 de octubre de 2022","format":false,"excerpt":"Presentaci\u00f3n del proyecto Introducci\u00f3n El Proyecto\u00a0Ellacur\u00eda: Obras completas\u00a0tiene como objetivo la recopilaci\u00f3n y publicaci\u00f3n de todos los textos publicados por Ignacio Ellacur\u00eda (1930-1989) a lo largo de su vida. Se recogen escritos de filosof\u00eda, teolog\u00eda, pol\u00edtica y dem\u00e1s disciplinas a las que Ellacur\u00eda dedic\u00f3 su esfuerzo reflexivo. Esta iniciativa se\u2026","rel":"","context":"Entrada similar","block_context":{"text":"Entrada similar","link":""},"img":{"alt_text":"","src":"https:\/\/i0.wp.com\/ellacuria.ugr.es\/wp-content\/uploads\/2022\/10\/Ignacio_Ellacuria-216x300.jpg?resize=350%2C200&ssl=1","width":350,"height":200},"classes":[]},{"id":151,"url":"https:\/\/ellacuria.ugr.es\/index.php\/plan-de-edicion\/","url_meta":{"origin":14,"position":1},"title":"Normas de edici\u00f3n","author":"mecenazgo","date":"5 de octubre de 2022","format":false,"excerpt":"Normas de edici\u00f3n Formato general La edici\u00f3n est\u00e1 prevista en 28\u00a0vol\u00famenes de 500 p\u00e1ginas aproximadamente. Editorial\u00a0Comares\u00a0ha asumido la publicaci\u00f3n de la edici\u00f3n completa.Estructura de cada volumen: Introducci\u00f3n, Textos Ellacur\u00eda, \u00cdndice de nombres, \u00cdndice de conceptos, \u00cdndice de siglas y abreviaturas.La introducci\u00f3n firmada por el editor responsable\u00a0ser\u00e1 de car\u00e1cter descriptivo y\u2026","rel":"","context":"Entrada similar","block_context":{"text":"Entrada similar","link":""},"img":{"alt_text":"","src":"https:\/\/i0.wp.com\/ellacuria.ugr.es\/wp-content\/uploads\/2022\/10\/DESCARGAR-NORMAS-DE-EDICION.png?resize=350%2C200&ssl=1","width":350,"height":200},"classes":[]},{"id":699,"url":"https:\/\/ellacuria.ugr.es\/index.php\/siglas-de\/","url_meta":{"origin":14,"position":2},"title":"Siglas de obras","author":"mecenazgo","date":"8 de noviembre de 2022","format":false,"excerpt":"Siglas de obras de Ellacur\u00eda Libros CIR \u2013 Ignacio Ellacur\u00eda,\u00a0Conversi\u00f3n de la iglesia al reino de Dios para anunciarlo y realizarlo en la historia, Sal Terrae, Santander, 1984. FRHU \u2013 Ignacio Ellacur\u00eda,\u00a0Filosof\u00eda de la realidad hist\u00f3rica,\u00a0UCA Editores, San Salvador, 1990. FRHT \u2013 Ignacio Ellacur\u00eda,\u00a0Filosof\u00eda de la realidad hist\u00f3rica,\u00a0Editorial Trotta, Madrid,\u2026","rel":"","context":"Entrada similar","block_context":{"text":"Entrada similar","link":""},"img":{"alt_text":"","src":"https:\/\/i0.wp.com\/ellacuria.ugr.es\/wp-content\/uploads\/2022\/10\/Texto-Ellacuria-mecanografiado.jpg?resize=350%2C200&ssl=1","width":350,"height":200},"classes":[]},{"id":473,"url":"https:\/\/ellacuria.ugr.es\/index.php\/elementor-473\/","url_meta":{"origin":14,"position":3},"title":"Instituciones de inter\u00e9s","author":"mecenazgo","date":"17 de octubre de 2022","format":false,"excerpt":"Instituciones de inter\u00e9s C\u00e1tedra Iberoamericana de Investigaci\u00f3n en Filosof\u00eda G.W. Leibniz\u00a0(Universidad de Granada)Fundaci\u00f3n Iberoamericana de las Industrias Culturales y Creativas\u00a0(Ciudad Real)Casa Am\u00e9rica \u2013 Premio Ignacio Ellacur\u00eda (Madrid)Fundaci\u00f3n Xavier Zubiri\u00a0(Madrid)AUIP- Premios Ignacio Ellacur\u00eda\u00a0C\u00e1tedra Fundaci\u00f3n UCIII Teolog\u00eda y Ciencias de la Religi\u00f3n \u00abIgnacio Ellacur\u00eda\u00bb\u00a0(Madrid)Foro Ignacio Ellacur\u00eda\u00a0(Murcia)Universidad Centroamericana de El Salvador\u00a0","rel":"","context":"Entrada similar","block_context":{"text":"Entrada similar","link":""},"img":{"alt_text":"","src":"","width":0,"height":0},"classes":[]},{"id":237,"url":"https:\/\/ellacuria.ugr.es\/index.php\/contacto\/","url_meta":{"origin":14,"position":4},"title":"Contacto","author":"mecenazgo","date":"6 de octubre de 2022","format":false,"excerpt":"Contacto Correo-e: Juan Antonio Nicol\u00e1s (Universidad de Granada, Espa\u00f1a): jnicolas@ugr.esAna Mar\u00eda Ram\u00edrez (Universidad de Granada, Espa\u00f1a): anaramirez@ugr.es\u00a0 Tel\u00e9fono +34 958 246 243 Direcci\u00f3n Departamento de Filosof\u00eda II (Edif. Psicolog\u00eda), Campus de Cartuja s\/n, Universidad de Granada, 18011, Granada (Espa\u00f1a)","rel":"","context":"Entrada similar","block_context":{"text":"Entrada similar","link":""},"img":{"alt_text":"","src":"https:\/\/i0.wp.com\/ellacuria.ugr.es\/wp-content\/uploads\/2022\/10\/Logo-Ellacuria-editado2.png?fit=275%2C268&ssl=1&resize=350%2C200","width":350,"height":200},"classes":[]},{"id":199,"url":"https:\/\/ellacuria.ugr.es\/index.php\/directorio\/","url_meta":{"origin":14,"position":5},"title":"Participantes","author":"mecenazgo","date":"6 de octubre de 2022","format":false,"excerpt":"Participantes Direcci\u00f3n del proyecto Juan Antonio Nicol\u00e1s (Universidad de Granada)\u00a0\u00a0\u00a0jnicolas@ugr.es\u00a0 Comit\u00e9 editorial Juan-Antonio Nicol\u00e1s (Universidad de Granada)Antonio Gonz\u00e1lez Fern\u00e1ndez (Fundaci\u00f3n X. Zubiri)Rodolfo Cardenal (Universidad Centroamericana, UCA)Jos\u00e9 Manuel Romero Cuevas (Universidad de Alcal\u00e1)Ra\u00fal Linares Peralta (Universidad de Granada)Ana Mar\u00eda Ram\u00edrez Abril (Universidad de Granada) Comit\u00e9 cient\u00edfico Rolando AlvaradoMarcela Brito de ButterRodolfo\u2026","rel":"","context":"Entrada similar","block_context":{"text":"Entrada similar","link":""},"img":{"alt_text":"","src":"https:\/\/i0.wp.com\/ellacuria.ugr.es\/wp-content\/uploads\/2022\/11\/60b645bc79a85e908e08f0f169fd8ecf.jpg?resize=350%2C200&ssl=1","width":350,"height":200},"classes":[]}],"_links":{"self":[{"href":"https:\/\/ellacuria.ugr.es\/index.php\/wp-json\/wp\/v2\/pages\/14","targetHints":{"allow":["GET"]}}],"collection":[{"href":"https:\/\/ellacuria.ugr.es\/index.php\/wp-json\/wp\/v2\/pages"}],"about":[{"href":"https:\/\/ellacuria.ugr.es\/index.php\/wp-json\/wp\/v2\/types\/page"}],"author":[{"embeddable":true,"href":"https:\/\/ellacuria.ugr.es\/index.php\/wp-json\/wp\/v2\/users\/1"}],"replies":[{"embeddable":true,"href":"https:\/\/ellacuria.ugr.es\/index.php\/wp-json\/wp\/v2\/comments?post=14"}],"version-history":[{"count":140,"href":"https:\/\/ellacuria.ugr.es\/index.php\/wp-json\/wp\/v2\/pages\/14\/revisions"}],"predecessor-version":[{"id":1133,"href":"https:\/\/ellacuria.ugr.es\/index.php\/wp-json\/wp\/v2\/pages\/14\/revisions\/1133"}],"wp:featuredmedia":[{"embeddable":true,"href":"https:\/\/ellacuria.ugr.es\/index.php\/wp-json\/wp\/v2\/media\/8"}],"wp:attachment":[{"href":"https:\/\/ellacuria.ugr.es\/index.php\/wp-json\/wp\/v2\/media?parent=14"}],"curies":[{"name":"wp","href":"https:\/\/api.w.org\/{rel}","templated":true}]}}